{"id":2358,"date":"2021-09-22T13:22:32","date_gmt":"2021-09-22T11:22:32","guid":{"rendered":"https:\/\/pin.md\/?page_id=2358"},"modified":"2021-09-22T13:22:32","modified_gmt":"2021-09-22T11:22:32","slug":"raskrytie-informaczii","status":"publish","type":"page","link":"https:\/\/pin.md\/ru\/raskrytie-informaczii\/","title":{"rendered":"\u0420\u0430\u0441\u043a\u0440\u044b\u0442\u0438\u0435 \u0438\u043d\u0444\u043e\u0440\u043c\u0430\u0446\u0438\u0438"},"content":{"rendered":"<div class=\"wpb-content-wrapper\"><p>[vc_row css=&#8221;.vc_custom_1623490110059{margin-top: -40px !important;margin-bottom: 20px !important;}&#8221;][vc_column bgcolor=&#8221;#ffffff&#8221;][vc_row_inner css=&#8221;.vc_custom_1623490102023{padding-top: 30px !important;padding-right: 30px !important;padding-bottom: 30px !important;padding-left: 30px !important;}&#8221;][vc_column_inner][vc_column_text css=&#8221;.vc_custom_1623490730962{margin-bottom: 0px !important;}&#8221;]<\/p>\n<p class=\"lead text-dark\">Condi\u021bii de utilizare a site-ului<\/p>\n<p>Nici unul dintre materialele prezentate pe acest site nu constituie o ofert\u0103 ferm\u0103 de a contracta, cu at\u00e2t mai mult ele nu se constituie ca o ofert\u0103 de v\u00e2nzare-cump\u0103rare a vreunui instrument financiar ori produs.<\/p>\n<p>Orice \u00eencercare de orice natur\u0103 de modificare a imaginii \u0219i informa\u021biilor din prezentul site, cu excep\u021bia detinatorului s\u0103u legal \u2013 OCN PrimInvetNord SRL, d\u0103 dreptul unilateral \u0219i neechivoc ca OCN PrimInvestNord SRL s\u0103 fac\u0103 uz de toate prerogativele sale de a se adresa instan\u021belor legal competente pentru sanc\u021bionarea acestui fapt.<\/p>\n<p>Orice persoan\u0103 care viziteaza site-ul www.pin.md \u0219i care ofer\u0103 date sau informa\u021bii cu caracter personal Companiei \u00ee\u0219i manifest\u0103 acordul \u00een mod expres \u0219i neechivoc pentru urmatoarele: prelucrarea acestor date \u0219i informa\u021bii personale de c\u0103tre Companie \u00een vederea efectu\u0103rii de studii de pia\u021b\u0103 sau transmiterii de materiale promo\u021bionale specifice opera\u021biunilor de marketing direct; realiz\u0103rii de c\u0103tre Companie a opera\u021biunilor de recrutare de personal; solu\u021bionarea de c\u0103tre Companie a cererilor, \u00eentreb\u0103rilor, peti\u021biilor \u0219i reclama\u021biilor adresate Companiei.[\/vc_column_text][\/vc_column_inner][\/vc_row_inner][\/vc_column][\/vc_row][vc_row gap=&#8221;10&#8243; equal_height=&#8221;yes&#8221; content_placement=&#8221;middle&#8221;][vc_column width=&#8221;1\/4&#8243; css=&#8221;.vc_custom_1623491599885{padding-top: 100px !important;}&#8221;][vc_single_image image=&#8221;1769&#8243; img_size=&#8221;160&#215;60&#8243; alignment=&#8221;center&#8221;][\/vc_column][vc_column width=&#8221;3\/4&#8243;][featuresba title=&#8221;Informa\u0163ie despre companie OCN PrimInvestNord SRL&#8221;]<\/p>\n<ul class=\" bullet bullet-check-circle list-unstyled\">\n<li><a href=\"https:\/\/pin.md\/wp-content\/uploads\/2021\/06\/Certificat-de-inregistrare.pdf\">Certificat de \u00eenregistrare<\/a><\/li>\n<li><a href=\"https:\/\/pin.md\/wp-content\/uploads\/2021\/06\/Structura-organizatorica.pdf\">Structura organizatoric\u0103<\/a><\/li>\n<li><a href=\"https:\/\/pin.md\/wp-content\/uploads\/2021\/06\/Membrii-consiliului-si-organului-executiv.pdf\">Membrii consiliului \u0219i organului executiv<\/a><\/li>\n<li><a href=\"https:\/\/pin.md\/wp-content\/uploads\/2021\/06\/Extras-din-Registrul-organizatiilor-de-creditare-nebancara-autorizate.pdf\">Extras din Registrul organiza\u021biilor de creditare nebancar\u0103 autorizate<\/a><\/li>\n<li><a href=\"https:\/\/pin.md\/wp-content\/uploads\/2021\/06\/regulament-cadrul-de-administrare.pdf\">Regulament cadrul de administrare<\/a><\/li>\n<li><a href=\"https:\/\/pin.md\/wp-content\/uploads\/2021\/06\/regulament-prestare-servicii.pdf\">Regulament prestare servicii<\/a><\/li>\n<li><a href=\"https:\/\/pin.md\/wp-content\/uploads\/2021\/06\/regulamentul-solitionare-pretentii.pdf\">Regulamentul solitionare pretentii<\/a><\/li>\n<\/ul>\n<p>[\/featuresba][\/vc_column][\/vc_row]<\/p>\n<\/div>","protected":false},"excerpt":{"rendered":"<p>[vc_row css=&#8221;.vc_custom_1623490110059{margin-top: -40px !important;margin-bottom: 20px !important;}&#8221;][vc_column bgcolor=&#8221;#ffffff&#8221;][vc_row_inner css=&#8221;.vc_custom_1623490102023{padding-top: 30px !important;padding-right: 30px !important;padding-bottom: 30px !important;padding-left: 30px !important;}&#8221;][vc_column_inner][vc_column_text css=&#8221;.vc_custom_1623490730962{margin-bottom: 0px !important;}&#8221;] Condi\u021bii de utilizare a site-ului Nici unul dintre materialele prezentate pe acest site nu constituie o ofert\u0103 ferm\u0103 de a contracta,&#8230;<\/p>\n","protected":false},"author":1,"featured_media":0,"parent":0,"menu_order":0,"comment_status":"closed","ping_status":"closed","template":"page-templates\/template-fullwidth.php","meta":{"footnotes":""},"class_list":["post-2358","page","type-page","status-publish","hentry"],"aioseo_notices":[],"_links":{"self":[{"href":"https:\/\/pin.md\/ru\/wp-json\/wp\/v2\/pages\/2358","targetHints":{"allow":["GET"]}}],"collection":[{"href":"https:\/\/pin.md\/ru\/wp-json\/wp\/v2\/pages"}],"about":[{"href":"https:\/\/pin.md\/ru\/wp-json\/wp\/v2\/types\/page"}],"author":[{"embeddable":true,"href":"https:\/\/pin.md\/ru\/wp-json\/wp\/v2\/users\/1"}],"replies":[{"embeddable":true,"href":"https:\/\/pin.md\/ru\/wp-json\/wp\/v2\/comments?post=2358"}],"version-history":[{"count":2,"href":"https:\/\/pin.md\/ru\/wp-json\/wp\/v2\/pages\/2358\/revisions"}],"predecessor-version":[{"id":2360,"href":"https:\/\/pin.md\/ru\/wp-json\/wp\/v2\/pages\/2358\/revisions\/2360"}],"wp:attachment":[{"href":"https:\/\/pin.md\/ru\/wp-json\/wp\/v2\/media?parent=2358"}],"curies":[{"name":"wp","href":"https:\/\/api.w.org\/{rel}","templated":true}]}}